{"id":1062,"date":"2023-01-18T15:16:30","date_gmt":"2023-01-18T14:16:30","guid":{"rendered":"https:\/\/hangpszichologia.hu\/?post_type=product&#038;p=1062"},"modified":"2026-02-06T19:14:22","modified_gmt":"2026-02-06T18:14:22","slug":"hangrelaxacio-garabon","status":"publish","type":"product","link":"https:\/\/hangpszichologia.hu\/?product=hangrelaxacio-garabon","title":{"rendered":"Hangrelax\u00e1ci\u00f3 Gar\u00e1bon"},"content":{"rendered":"","protected":false},"excerpt":{"rendered":"","protected":false},"featured_media":2975,"comment_status":"open","ping_status":"closed","template":"","meta":{"_coblocks_attr":"","_coblocks_dimensions":"","_coblocks_responsive_height":"","_coblocks_accordion_ie_support":"","_crdt_document":"","_monsterinsights_skip_tracking":false,"_monsterinsights_sitenote_active":false,"_monsterinsights_sitenote_note":"","_monsterinsights_sitenote_category":0,"jetpack_post_was_ever_published":false,"jetpack_publicize_message":"","jetpack_publicize_feature_enabled":true,"jetpack_social_post_already_shared":true,"jetpack_social_options":{"image_generator_settings":{"template":"highway","default_image_id":0,"font":"","enabled":false},"version":2},"_wpas_customize_per_network":false},"product_brand":[],"product_cat":[46893417],"product_tag":[46893439,46893436,46893422,46893425,46893420,46893419,46893438,46893423,46893437],"class_list":{"0":"post-1062","1":"product","2":"type-product","3":"status-publish","4":"has-post-thumbnail","6":"product_cat-hangrelaxacio-esemenyek","7":"product_tag-buddhista-templom","8":"product_tag-guiness-rekord","9":"product_tag-hangtal","10":"product_tag-meditacio","11":"product_tag-relax","12":"product_tag-relaxacio","13":"product_tag-samsara","14":"product_tag-tibeti_hangtal","15":"product_tag-vilag-legnagyobb-hangtalja","17":"first","18":"instock","19":"taxable","20":"shipping-taxable","21":"product-type-variable"},"booking_location":null,"booking_location_type":null,"booking_duration":null,"booking_duration_unit":null,"booking_buffer":null,"booking_cost":null,"booking_resources":null,"aioseo_notices":[],"jetpack_publicize_connections":[],"jetpack_likes_enabled":true,"jetpack_sharing_enabled":true,"_links":{"self":[{"href":"https:\/\/hangpszichologia.hu\/index.php?rest_route=\/wp\/v2\/product\/1062","targetHints":{"allow":["GET"]}}],"collection":[{"href":"https:\/\/hangpszichologia.hu\/index.php?rest_route=\/wp\/v2\/product"}],"about":[{"href":"https:\/\/hangpszichologia.hu\/index.php?rest_route=\/wp\/v2\/types\/product"}],"replies":[{"embeddable":true,"href":"https:\/\/hangpszichologia.hu\/index.php?rest_route=%2Fwp%2Fv2%2Fcomments&post=1062"}],"wp:featuredmedia":[{"embeddable":true,"href":"https:\/\/hangpszichologia.hu\/index.php?rest_route=\/wp\/v2\/media\/2975"}],"wp:attachment":[{"href":"https:\/\/hangpszichologia.hu\/index.php?rest_route=%2Fwp%2Fv2%2Fmedia&parent=1062"}],"wp:term":[{"taxonomy":"product_brand","embeddable":true,"href":"https:\/\/hangpszichologia.hu\/index.php?rest_route=%2Fwp%2Fv2%2Fproduct_brand&post=1062"},{"taxonomy":"product_cat","embeddable":true,"href":"https:\/\/hangpszichologia.hu\/index.php?rest_route=%2Fwp%2Fv2%2Fproduct_cat&post=1062"},{"taxonomy":"product_tag","embeddable":true,"href":"https:\/\/hangpszichologia.hu\/index.php?rest_route=%2Fwp%2Fv2%2Fproduct_tag&post=1062"}],"curies":[{"name":"wp","href":"https:\/\/api.w.org\/{rel}","templated":true}]}}