{"id":2135,"date":"2023-04-18T22:01:12","date_gmt":"2023-04-18T20:01:12","guid":{"rendered":"https:\/\/hangpszichologia.hu\/?post_type=product&#038;p=2135"},"modified":"2024-02-07T19:48:38","modified_gmt":"2024-02-07T18:48:38","slug":"hangrelaxacio-yogaterrace-studioban","status":"publish","type":"product","link":"https:\/\/hangpszichologia.hu\/?product=hangrelaxacio-yogaterrace-studioban","title":{"rendered":"Hangrelax\u00e1ci\u00f3 Yogaterrace Studi\u00f3ban"},"content":{"rendered":"","protected":false},"excerpt":{"rendered":"","protected":false},"featured_media":1818,"comment_status":"open","ping_status":"closed","template":"","meta":{"_coblocks_attr":"","_coblocks_dimensions":"","_coblocks_responsive_height":"","_coblocks_accordion_ie_support":"","_crdt_document":"","_monsterinsights_skip_tracking":false,"_monsterinsights_sitenote_active":false,"_monsterinsights_sitenote_note":"","_monsterinsights_sitenote_category":0,"jetpack_publicize_message":"","jetpack_publicize_feature_enabled":true,"jetpack_social_post_already_shared":true,"jetpack_social_options":{"image_generator_settings":{"template":"highway","default_image_id":0,"font":"","enabled":false},"version":2},"_wpas_customize_per_network":false},"product_brand":[],"product_cat":[46893417],"product_tag":[46893422,46893424,46893425,46893420,46893419,46893423],"class_list":{"0":"post-2135","1":"product","2":"type-product","3":"status-publish","4":"has-post-thumbnail","6":"product_cat-hangrelaxacio-esemenyek","7":"product_tag-hangtal","8":"product_tag-kristaly_hangtal","9":"product_tag-meditacio","10":"product_tag-relax","11":"product_tag-relaxacio","12":"product_tag-tibeti_hangtal","14":"first","15":"instock","16":"taxable","17":"shipping-taxable","18":"product-type-variable"},"booking_location":null,"booking_location_type":null,"booking_duration":null,"booking_duration_unit":null,"booking_buffer":null,"booking_cost":null,"booking_resources":null,"aioseo_notices":[],"jetpack_publicize_connections":[],"jetpack_likes_enabled":true,"jetpack_sharing_enabled":true,"_links":{"self":[{"href":"https:\/\/hangpszichologia.hu\/index.php?rest_route=\/wp\/v2\/product\/2135","targetHints":{"allow":["GET"]}}],"collection":[{"href":"https:\/\/hangpszichologia.hu\/index.php?rest_route=\/wp\/v2\/product"}],"about":[{"href":"https:\/\/hangpszichologia.hu\/index.php?rest_route=\/wp\/v2\/types\/product"}],"replies":[{"embeddable":true,"href":"https:\/\/hangpszichologia.hu\/index.php?rest_route=%2Fwp%2Fv2%2Fcomments&post=2135"}],"wp:featuredmedia":[{"embeddable":true,"href":"https:\/\/hangpszichologia.hu\/index.php?rest_route=\/wp\/v2\/media\/1818"}],"wp:attachment":[{"href":"https:\/\/hangpszichologia.hu\/index.php?rest_route=%2Fwp%2Fv2%2Fmedia&parent=2135"}],"wp:term":[{"taxonomy":"product_brand","embeddable":true,"href":"https:\/\/hangpszichologia.hu\/index.php?rest_route=%2Fwp%2Fv2%2Fproduct_brand&post=2135"},{"taxonomy":"product_cat","embeddable":true,"href":"https:\/\/hangpszichologia.hu\/index.php?rest_route=%2Fwp%2Fv2%2Fproduct_cat&post=2135"},{"taxonomy":"product_tag","embeddable":true,"href":"https:\/\/hangpszichologia.hu\/index.php?rest_route=%2Fwp%2Fv2%2Fproduct_tag&post=2135"}],"curies":[{"name":"wp","href":"https:\/\/api.w.org\/{rel}","templated":true}]}}